{"id":270,"date":"2025-08-11T17:26:18","date_gmt":"2025-08-11T15:26:18","guid":{"rendered":"https:\/\/finanziario.tech\/?page_id=270"},"modified":"2026-03-11T16:05:29","modified_gmt":"2026-03-11T15:05:29","slug":"codice-etico","status":"publish","type":"page","link":"https:\/\/finanziario.tech\/index.php\/codice-etico\/","title":{"rendered":"Codice etico"},"content":{"rendered":"<p>[et_pb_section fb_built=&#8221;1&#8243; fullwidth=&#8221;on&#8221; admin_label=&#8221;Page Header&#8221; _builder_version=&#8221;4.27.4&#8243; background_enable_image=&#8221;off&#8221; parallax=&#8221;on&#8221; bottom_divider_style=&#8221;mountains2&#8243; bottom_divider_color=&#8221;#FFFFFF&#8221; bottom_divider_height=&#8221;50px&#8221; bottom_divider_repeat=&#8221;1x&#8221; locked=&#8221;off&#8221; global_colors_info=&#8221;{}&#8221;][et_pb_fullwidth_slider _builder_version=&#8221;4.27.4&#8243; _module_preset=&#8221;default&#8221; header_font=&#8221;Montserrat|500||on|||||&#8221; header_letter_spacing=&#8221;10px&#8221; body_font=&#8221;Lato||||||||&#8221; background_enable_video_mp4=&#8221;off&#8221; global_colors_info=&#8221;{}&#8221;][et_pb_slide heading=&#8221;codice etico&#8221; _builder_version=&#8221;4.27.4&#8243; _module_preset=&#8221;default&#8221; background_enable_color=&#8221;off&#8221; background_image=&#8221;https:\/\/finanziario.tech\/wp-content\/uploads\/2025\/08\/mjmanifesta_Team_di_professionisti_in_abiti_formali_che_discu_e7b8a1ba-a53e-47fb-845c-171b5e6715f1_1.png&#8221; background_enable_image=&#8221;on&#8221; background_position=&#8221;bottom_center&#8221; background_vertical_offset=&#8221;20%&#8221; background_enable_video_mp4=&#8221;off&#8221; global_colors_info=&#8221;{}&#8221; sticky_transition=&#8221;on&#8221;][\/et_pb_slide][\/et_pb_fullwidth_slider][\/et_pb_section][et_pb_section fb_built=&#8221;1&#8243; admin_label=&#8221;Services&#8221; _builder_version=&#8221;4.27.4&#8243; _module_preset=&#8221;default&#8221; custom_padding=&#8221;2%||2%||false|false&#8221; global_colors_info=&#8221;{}&#8221;][et_pb_row _builder_version=&#8221;4.27.4&#8243; _module_preset=&#8221;default&#8221; max_width=&#8221;1280px&#8221; custom_margin=&#8221;0px||||false|false&#8221; custom_padding=&#8221;0px||||false|false&#8221; global_colors_info=&#8221;{}&#8221;][et_pb_column type=&#8221;4_4&#8243; _builder_version=&#8221;4.16&#8243; _module_preset=&#8221;default&#8221; global_colors_info=&#8221;{}&#8221;][et_pb_divider color=&#8221;#b65200&#8243; divider_weight=&#8221;3px&#8221; disabled_on=&#8221;off|off|off&#8221; _builder_version=&#8221;4.27.4&#8243; background_color_gradient_direction=&#8221;90deg&#8221; max_width=&#8221;100px&#8221; module_alignment=&#8221;center&#8221; height=&#8221;5px&#8221; custom_margin=&#8221;||20px|&#8221; custom_padding=&#8221;||20px|&#8221; animation_style=&#8221;slide&#8221; animation_direction=&#8221;bottom&#8221; saved_tabs=&#8221;all&#8221; locked=&#8221;off&#8221; global_colors_info=&#8221;{}&#8221;][\/et_pb_divider][et_pb_text admin_label=&#8221;Services Section Subtitle&#8221; _builder_version=&#8221;4.27.4&#8243; text_font=&#8221;Montserrat||||||||&#8221; text_font_size=&#8221;18px&#8221; text_line_height=&#8221;1.9em&#8221; background_size=&#8221;initial&#8221; background_position=&#8221;top_left&#8221; background_repeat=&#8221;repeat&#8221; text_orientation=&#8221;center&#8221; max_width=&#8221;710px&#8221; module_alignment=&#8221;center&#8221; animation_style=&#8221;fold&#8221; animation_direction=&#8221;bottom&#8221; animation_intensity_fold=&#8221;20%&#8221; global_colors_info=&#8221;{}&#8221;]<\/p>\n<p>I valori e i principi che guidano la nostra attivit\u00e0 con trasparenza, responsabilit\u00e0 e integrit\u00e0<\/p>\n<p>[\/et_pb_text][\/et_pb_column][\/et_pb_row][\/et_pb_section][et_pb_section fb_built=&#8221;1&#8243; admin_label=&#8221;Feature&#8221; _builder_version=&#8221;4.27.4&#8243; _module_preset=&#8221;default&#8221; custom_margin=&#8221;0px||||false|false&#8221; custom_padding=&#8221;0px||10%||false|false&#8221; locked=&#8221;off&#8221; global_colors_info=&#8221;{}&#8221;][et_pb_row _builder_version=&#8221;4.27.4&#8243; _module_preset=&#8221;default&#8221; max_width=&#8221;1280px&#8221; global_colors_info=&#8221;{}&#8221;][et_pb_column type=&#8221;4_4&#8243; _builder_version=&#8221;4.27.4&#8243; _module_preset=&#8221;default&#8221; global_colors_info=&#8221;{}&#8221;][et_pb_text admin_label=&#8221;Project Section Title&#8221; _builder_version=&#8221;4.27.4&#8243; header_font=&#8221;Montserrat||||&#8221; header_text_align=&#8221;left&#8221; header_text_color=&#8221;#1f1f1f&#8221; header_font_size=&#8221;36px&#8221; module_alignment=&#8221;left&#8221; custom_margin=&#8221;||1%||false|false&#8221; custom_padding=&#8221;||||false|false&#8221; animation_style=&#8221;fold&#8221; animation_direction=&#8221;bottom&#8221; animation_intensity_fold=&#8221;20%&#8221; hover_enabled=&#8221;0&#8243; locked=&#8221;off&#8221; global_colors_info=&#8221;{}&#8221; header_font_size_last_edited=&#8221;on|phone&#8221; header_font_size_phone=&#8221;26px&#8221; sticky_enabled=&#8221;0&#8243; header_font_size_tablet=&#8221;36px&#8221;]<\/p>\n<h1>Codice Etico Sociale di <strong>Finanziario.tech S.r.l<\/strong><\/h1>\n<p>[\/et_pb_text][et_pb_text _builder_version=&#8221;4.27.4&#8243; _module_preset=&#8221;22d0da71-6393-430b-a0cd-b77dd565e85c&#8221; text_font=&#8221;Lato||||||||&#8221; text_font_size=&#8221;18px&#8221; text_line_height=&#8221;1.8em&#8221; text_font_size_tablet=&#8221;15px&#8221; text_font_size_phone=&#8221;14px&#8221; text_font_size_last_edited=&#8221;on|phone&#8221; header_font_size_tablet=&#8221;55px&#8221; header_font_size_last_edited=&#8221;off|desktop&#8221; locked=&#8221;off&#8221; global_colors_info=&#8221;{}&#8221;]<\/p>\n<p>La <strong>Finanziario.tech S.r.l<\/strong>. opera nel settore dei finanziamenti alle aziende, la nostra missione \u00e8 quella d di partecipare al rafforzamento del movimento economico attraverso forme di finanziamento utili a sostenere progetti di crescita delle aziende italiane. Crediamo che attraverso linee di credito le aziende possano soddisfare esigenze di crescita e sviluppo. Siamo interessati ai progetti di giovani imprenditori che vogliono dar vita ad attivit\u00e0 che valorizzano il territorio, comprare un terreno per avviare attivit\u00e0 agricole, oppure incrementare la produzione di eccellenze gastronomiche, oppure accedere ad un finanziamento per il rinnovamento di mezzi e macchinari. Oppure semplicemente per realizzare un sogno, del resto siamo fatti anche di sogni. ll modello di sviluppo\u00a0 di Finanziario.tech S.r.l. si propone di partecipare ad un\u00a0 mercato finanziario \u201creale\u201d dove il danaro ha il valore dei progetti e delle cose utili alla vita, siamo orientati alla piena osservanza delle leggi che tutelano il credito, le politiche di\u00a0 concorrenza con alle altre strutture operanti nel medesimo ambito seguono l\u2019idea di creare un rapporto di fiducia con i nostri clienti tale per cui negli anni continuano a sceglierci ogni qualvolta si manifesta un\u2019esigenza finanziaria. Crediamo nel territorio dove siamo nati e cresciuti su cui si fondano i nostri valori, tra cui la solidariet\u00e0 che si vincola al rispetto del presente Codice di comportamento in tutti i suoi atti, interni o rivolti al mondo esterno. In questo contesto, il presente Codice, costituisce un riferimento al quale, tutti i soggetti che contribuiscono alla realizzazione degli obiettivi di Finanziario.tech S.r.l. e, in primo luogo di chi \u00e8 chiamato a gestirlo, devono uniformare la loro condotta.<\/p>\n<p>[\/et_pb_text][et_pb_text admin_label=&#8221;Project Section Title&#8221; _builder_version=&#8221;4.27.4&#8243; header_font=&#8221;Montserrat||||&#8221; header_text_align=&#8221;center&#8221; header_text_color=&#8221;#1f1f1f&#8221; header_font_size=&#8221;40px&#8221; text_orientation=&#8221;center&#8221; max_width=&#8221;710px&#8221; module_alignment=&#8221;center&#8221; custom_margin=&#8221;||||false|false&#8221; custom_padding=&#8221;2%||||false|false&#8221; animation_style=&#8221;fold&#8221; animation_direction=&#8221;bottom&#8221; animation_intensity_fold=&#8221;20%&#8221; hover_enabled=&#8221;0&#8243; locked=&#8221;off&#8221; global_colors_info=&#8221;{}&#8221; header_font_size_last_edited=&#8221;on|phone&#8221; header_font_size_phone=&#8221;26px&#8221; sticky_enabled=&#8221;0&#8243; header_font_size_tablet=&#8221;40px&#8221;]<\/p>\n<h1>I nostri <strong>PRINCIPI<\/strong><\/h1>\n<p>[\/et_pb_text][et_pb_blurb title=&#8221;Fiducia&#8221; use_icon=&#8221;on&#8221; font_icon=&#8221;&#x45;||divi||400&#8243; icon_color=&#8221;#b65200&#8243; icon_placement=&#8221;left&#8221; image_icon_width=&#8221;32px&#8221; content_max_width=&#8221;100%&#8221; image_icon_width_tablet=&#8221;32px&#8221; image_icon_width_phone=&#8221;32px&#8221; image_icon_width_last_edited=&#8221;on|desktop&#8221; _builder_version=&#8221;4.27.4&#8243; _module_preset=&#8221;bbd70754-49fa-4988-ad64-9765b3b8d0fe&#8221; header_font=&#8221;Montserrat|700|||||||&#8221; header_text_color=&#8221;#b65200&#8243; header_line_height=&#8221;1.8em&#8221; custom_margin=&#8221;||10px||false|false&#8221; locked=&#8221;off&#8221; global_colors_info=&#8221;{}&#8221;][\/et_pb_blurb][et_pb_text _builder_version=&#8221;4.27.4&#8243; _module_preset=&#8221;22d0da71-6393-430b-a0cd-b77dd565e85c&#8221; text_font=&#8221;Lato||||||||&#8221; text_font_size=&#8221;18px&#8221; text_line_height=&#8221;1.8em&#8221; text_font_size_tablet=&#8221;15px&#8221; text_font_size_phone=&#8221;14px&#8221; text_font_size_last_edited=&#8221;on|phone&#8221; locked=&#8221;off&#8221; global_colors_info=&#8221;{}&#8221;]<\/p>\n<p>La <strong>Finanziario.tech S.r.l<\/strong>. pu\u00f2 avere successo solo attraverso la fiducia reciproca di tutti i soggetti che, quotidianamente conferiscono il loro apporto, anche in presenza di interessi parzialmente contrastanti. La fiducia si basa sulla condivisione della missione, sul rispetto da parte di ciascuno dei valori e delle disposizioni del presente Codice: ciascun soggetto si impegna, dunque, alla sua stretta osservanza. Il mancato rispetto delle norme di cui al presente Codice non \u00e8 compatibile con l\u2019attivit\u00e0 svolta per lo stesso, a qualunque livello. Naturale corollario a quanto sopra \u00e8 il reciproco rispetto, nell\u2019ambito dei ruoli assegnati, che conduca ad una cooperazione tra i soggetti, caratterizzata da una complessiva urbanit\u00e0 dei modi e di un linguaggio che sia conforme all\u2019atteggiamento di buona educazione che, nell\u2019ambito della struttura e verso l\u2019esterno, deve regnare. La fiducia favorisce apertura e dialogo, gli unici due strumenti per accedere a valori che ci permettono di vedere nell\u2019altro un punto di riferimento nel lavoro come nella vita.\u00a0<\/p>\n<p>Siamo interessati alla crescita delle persone e alla loro realizzazione.<\/p>\n<p>[\/et_pb_text][et_pb_blurb title=&#8221;Onest\u00e0&#8221; use_icon=&#8221;on&#8221; font_icon=&#8221;&#x45;||divi||400&#8243; icon_color=&#8221;#b65200&#8243; icon_placement=&#8221;left&#8221; image_icon_width=&#8221;32px&#8221; content_max_width=&#8221;100%&#8221; image_icon_width_tablet=&#8221;32px&#8221; image_icon_width_phone=&#8221;32px&#8221; image_icon_width_last_edited=&#8221;on|desktop&#8221; _builder_version=&#8221;4.27.4&#8243; _module_preset=&#8221;bbd70754-49fa-4988-ad64-9765b3b8d0fe&#8221; header_font=&#8221;Montserrat|700|||||||&#8221; header_text_color=&#8221;#b65200&#8243; header_line_height=&#8221;1.8em&#8221; custom_margin=&#8221;||10px||false|false&#8221; locked=&#8221;off&#8221; global_colors_info=&#8221;{}&#8221;][\/et_pb_blurb][et_pb_text _builder_version=&#8221;4.27.4&#8243; _module_preset=&#8221;22d0da71-6393-430b-a0cd-b77dd565e85c&#8221; text_font=&#8221;Lato||||||||&#8221; text_font_size=&#8221;18px&#8221; text_line_height=&#8221;1.8em&#8221; text_font_size_tablet=&#8221;15px&#8221; text_font_size_phone=&#8221;14px&#8221; text_font_size_last_edited=&#8221;on|phone&#8221; locked=&#8221;off&#8221; global_colors_info=&#8221;{}&#8221;]<\/p>\n<p>La <strong>Finanziario.tech S.r.l.<\/strong> deve assicurarsi che i suoi rappresentanti e collaboratori abbiano la consapevolezza del significato etico delle loro azioni, non perseguano l\u2019utile personale o aziendale a discapito del rispetto delle leggi vigenti e delle norme che sono prescrittive della professione del mediatore Creditizio. In particolare deve evitare che vengano attribuiti vantaggi illeciti a clienti o fornitori. La Finanziario.tech S.r.l. deve assicurarsi che i suoi dipendenti e collaboratori non operino in situazioni in cui siano titolari, per conto proprio o di terzi, di interessi in conflitto con quelli delle proprie controparti contrattuali.<\/p>\n<p>[\/et_pb_text][et_pb_blurb title=&#8221;Segnalazioni di eventi di Corruzione:&#8221; use_icon=&#8221;on&#8221; font_icon=&#8221;&#x45;||divi||400&#8243; icon_color=&#8221;#b65200&#8243; icon_placement=&#8221;left&#8221; image_icon_width=&#8221;32px&#8221; content_max_width=&#8221;100%&#8221; image_icon_width_tablet=&#8221;32px&#8221; image_icon_width_phone=&#8221;32px&#8221; image_icon_width_last_edited=&#8221;on|desktop&#8221; _builder_version=&#8221;4.27.4&#8243; _module_preset=&#8221;bbd70754-49fa-4988-ad64-9765b3b8d0fe&#8221; header_font=&#8221;Montserrat|700|||||||&#8221; header_text_color=&#8221;#b65200&#8243; header_line_height=&#8221;1.8em&#8221; custom_margin=&#8221;||10px||false|false&#8221; locked=&#8221;off&#8221; global_colors_info=&#8221;{}&#8221;][\/et_pb_blurb][et_pb_text _builder_version=&#8221;4.27.4&#8243; _module_preset=&#8221;22d0da71-6393-430b-a0cd-b77dd565e85c&#8221; text_font=&#8221;Lato||||||||&#8221; text_font_size=&#8221;18px&#8221; text_line_height=&#8221;1.8em&#8221; text_font_size_tablet=&#8221;15px&#8221; text_font_size_phone=&#8221;14px&#8221; text_font_size_last_edited=&#8221;on|phone&#8221; locked=&#8221;off&#8221; global_colors_info=&#8221;{}&#8221;]<\/p>\n<p><strong>Finanziario.tech<\/strong> come previsto dalla normativa ha attivato il canale di segnalazione Illeciti attraverso la piattaforma Whistleblowing accessibile a tutti i dipendenti, fornitori e consulenti dal sito istituzionale alla pagina: www.finanziario.tech Riteniamo sia un passo avanti nella tutela della correttezza e trasparenza che contraddistingue la societ\u00e0. Vogliamo che la societ\u00e0 sia sempre all\u2019altezza dei principi che la contraddistinguono, per questo incoraggiamo chiunque fosse a conoscenza di attivit\u00e0 illecite svolte da Soggetti interni all\u2019azienda di effettuare una segnalazione, al fine di proteggere quanti ogni giorno lavorano per la crescita dei valori della societ\u00e0.<\/p>\n<p>[\/et_pb_text][et_pb_blurb title=&#8221;Trasparenza:&#8221; use_icon=&#8221;on&#8221; font_icon=&#8221;&#x45;||divi||400&#8243; icon_color=&#8221;#b65200&#8243; icon_placement=&#8221;left&#8221; image_icon_width=&#8221;32px&#8221; content_max_width=&#8221;100%&#8221; image_icon_width_tablet=&#8221;32px&#8221; image_icon_width_phone=&#8221;32px&#8221; image_icon_width_last_edited=&#8221;on|desktop&#8221; _builder_version=&#8221;4.27.4&#8243; _module_preset=&#8221;bbd70754-49fa-4988-ad64-9765b3b8d0fe&#8221; header_font=&#8221;Montserrat|700|||||||&#8221; header_text_color=&#8221;#b65200&#8243; header_line_height=&#8221;1.8em&#8221; custom_margin=&#8221;||10px||false|false&#8221; locked=&#8221;off&#8221; global_colors_info=&#8221;{}&#8221;][\/et_pb_blurb][et_pb_text _builder_version=&#8221;4.27.4&#8243; _module_preset=&#8221;22d0da71-6393-430b-a0cd-b77dd565e85c&#8221; text_font=&#8221;Lato||||||||&#8221; text_font_size=&#8221;18px&#8221; text_line_height=&#8221;1.8em&#8221; text_font_size_tablet=&#8221;15px&#8221; text_font_size_phone=&#8221;14px&#8221; text_font_size_last_edited=&#8221;on|phone&#8221; locked=&#8221;off&#8221; global_colors_info=&#8221;{}&#8221;]<\/p>\n<p>La <strong>Finanziario.tech S.r.l.<\/strong> deve assicurarsi che i suoi dipendenti e collaboratori lavorino sempre nel rispetto della clientela, aderendo alle direttive che Banca d\u2019Italia ha emanato in tema di \u201cTrasparenza\u201d delle operazioni finanziarie. La correttezza e diligenza di tutti gli operatori interni ed esterni alimenta un\u2019immagine dell\u2019azienda aderente alla Mission. A tal fine \u00e8 assicurata l\u2019informazione pi\u00f9 completa e trasparente possibile riguardo alle linee guida dell\u2019attivit\u00e0 di Mediatore Creditizio.<\/p>\n<p>[\/et_pb_text][et_pb_blurb title=&#8221;Riservatezza:&#8221; use_icon=&#8221;on&#8221; font_icon=&#8221;&#x45;||divi||400&#8243; icon_color=&#8221;#b65200&#8243; icon_placement=&#8221;left&#8221; image_icon_width=&#8221;32px&#8221; content_max_width=&#8221;100%&#8221; image_icon_width_tablet=&#8221;32px&#8221; image_icon_width_phone=&#8221;32px&#8221; image_icon_width_last_edited=&#8221;on|desktop&#8221; _builder_version=&#8221;4.27.4&#8243; _module_preset=&#8221;bbd70754-49fa-4988-ad64-9765b3b8d0fe&#8221; header_font=&#8221;Montserrat|700|||||||&#8221; header_text_color=&#8221;#b65200&#8243; header_line_height=&#8221;1.8em&#8221; custom_margin=&#8221;||10px||false|false&#8221; locked=&#8221;off&#8221; global_colors_info=&#8221;{}&#8221;][\/et_pb_blurb][et_pb_text _builder_version=&#8221;4.27.4&#8243; _module_preset=&#8221;22d0da71-6393-430b-a0cd-b77dd565e85c&#8221; text_font=&#8221;Lato||||||||&#8221; text_font_size=&#8221;18px&#8221; text_line_height=&#8221;1.8em&#8221; text_font_size_tablet=&#8221;15px&#8221; text_font_size_phone=&#8221;14px&#8221; text_font_size_last_edited=&#8221;on|phone&#8221; locked=&#8221;off&#8221; global_colors_info=&#8221;{}&#8221;]<\/p>\n<p>La <strong>Finanziario.tech S.r.l.<\/strong> deve assicurarsi che i suoi rappresentanti e collaboratori tutelino la riservatezza dei dati personali contenuti tanto nelle banche dati che negli archivi personali e deve adoperarsi affinch\u00e9 siano osservati tutti gli adempimenti previsti dalle attuali normative in materia di privacy. Il trattamento al quale saranno sottoposti i dati raccolti con la modulistica specifica aziendale, sar\u00e0 diretto esclusivamente all\u2019espletamento da parte della Finanziario.tech S.r.l. delle finalit\u00e0 attinenti all\u2019esercizio specifico dell\u2019attivit\u00e0 svolta.<\/p>\n<p>[\/et_pb_text][et_pb_blurb title=&#8221;Imparzialit\u00e0:&#8221; use_icon=&#8221;on&#8221; font_icon=&#8221;&#x45;||divi||400&#8243; icon_color=&#8221;#b65200&#8243; icon_placement=&#8221;left&#8221; image_icon_width=&#8221;32px&#8221; content_max_width=&#8221;100%&#8221; image_icon_width_tablet=&#8221;32px&#8221; image_icon_width_phone=&#8221;32px&#8221; image_icon_width_last_edited=&#8221;on|desktop&#8221; _builder_version=&#8221;4.27.4&#8243; _module_preset=&#8221;bbd70754-49fa-4988-ad64-9765b3b8d0fe&#8221; header_font=&#8221;Montserrat|700|||||||&#8221; header_text_color=&#8221;#b65200&#8243; header_line_height=&#8221;1.8em&#8221; custom_margin=&#8221;||10px||false|false&#8221; locked=&#8221;off&#8221; global_colors_info=&#8221;{}&#8221;][\/et_pb_blurb][et_pb_text _builder_version=&#8221;4.27.4&#8243; _module_preset=&#8221;22d0da71-6393-430b-a0cd-b77dd565e85c&#8221; text_font_size=&#8221;16px&#8221; text_line_height=&#8221;1.8em&#8221; text_font_size_tablet=&#8221;15px&#8221; text_font_size_phone=&#8221;14px&#8221; text_font_size_last_edited=&#8221;on|phone&#8221; header_font_size_tablet=&#8221;55px&#8221; header_font_size_last_edited=&#8221;off|desktop&#8221; locked=&#8221;off&#8221; global_colors_info=&#8221;{}&#8221;]La <strong>Finanziario.tech S.r.l.<\/strong> deve assicurarsi che i suoi rappresentanti e collaboratori operino tenendo conto delle concrete circostanze, non tenendo comportamenti discriminatori ed opportunistici. La Finanziario.tech si obbliga a non fare discriminazioni di razza, religione, sesso, opinioni politiche ed handicap fisici.[\/et_pb_text][et_pb_blurb title=&#8221;Concorrenza Leale:&#8221; use_icon=&#8221;on&#8221; font_icon=&#8221;&#x45;||divi||400&#8243; icon_color=&#8221;#b65200&#8243; icon_placement=&#8221;left&#8221; image_icon_width=&#8221;32px&#8221; content_max_width=&#8221;100%&#8221; image_icon_width_tablet=&#8221;32px&#8221; image_icon_width_phone=&#8221;32px&#8221; image_icon_width_last_edited=&#8221;on|desktop&#8221; _builder_version=&#8221;4.27.4&#8243; _module_preset=&#8221;bbd70754-49fa-4988-ad64-9765b3b8d0fe&#8221; header_font=&#8221;Montserrat|700|||||||&#8221; header_text_color=&#8221;#b65200&#8243; header_line_height=&#8221;1.8em&#8221; custom_margin=&#8221;||10px||false|false&#8221; locked=&#8221;off&#8221; global_colors_info=&#8221;{}&#8221;][\/et_pb_blurb][et_pb_text _builder_version=&#8221;4.27.4&#8243; _module_preset=&#8221;22d0da71-6393-430b-a0cd-b77dd565e85c&#8221; text_font=&#8221;Lato||||||||&#8221; text_font_size=&#8221;18px&#8221; text_line_height=&#8221;1.8em&#8221; text_font_size_tablet=&#8221;15px&#8221; text_font_size_phone=&#8221;14px&#8221; text_font_size_last_edited=&#8221;on|phone&#8221; locked=&#8221;off&#8221; global_colors_info=&#8221;{}&#8221;]<\/p>\n<p>La <strong>Finanziario.tech S.r.l.<\/strong> nei rapporti con le imprese concorrenti si ispira al principio della concorrenza leale.<\/p>\n<p>[\/et_pb_text][\/et_pb_column][\/et_pb_row][\/et_pb_section]<\/p>\n","protected":false},"excerpt":{"rendered":"<p>I valori e i principi che guidano la nostra attivit\u00e0 con trasparenza, responsabilit\u00e0 e integrit\u00e0Codice Etico Sociale di Finanziario.tech S.r.lLa Finanziario.tech S.r.l. opera nel settore dei finanziamenti alle aziende, la nostra missione \u00e8 quella d di partecipare al rafforzamento del movimento economico attraverso forme di finanziamento utili a sostenere progetti di crescita delle aziende italiane. [&hellip;]<\/p>\n","protected":false},"author":1,"featured_media":0,"parent":0,"menu_order":0,"comment_status":"closed","ping_status":"closed","template":"","meta":{"_et_pb_use_builder":"on","_et_pb_old_content":"","_et_gb_content_width":"","footnotes":""},"class_list":["post-270","page","type-page","status-publish","hentry"],"_links":{"self":[{"href":"https:\/\/finanziario.tech\/index.php\/wp-json\/wp\/v2\/pages\/270","targetHints":{"allow":["GET"]}}],"collection":[{"href":"https:\/\/finanziario.tech\/index.php\/wp-json\/wp\/v2\/pages"}],"about":[{"href":"https:\/\/finanziario.tech\/index.php\/wp-json\/wp\/v2\/types\/page"}],"author":[{"embeddable":true,"href":"https:\/\/finanziario.tech\/index.php\/wp-json\/wp\/v2\/users\/1"}],"replies":[{"embeddable":true,"href":"https:\/\/finanziario.tech\/index.php\/wp-json\/wp\/v2\/comments?post=270"}],"version-history":[{"count":19,"href":"https:\/\/finanziario.tech\/index.php\/wp-json\/wp\/v2\/pages\/270\/revisions"}],"predecessor-version":[{"id":4328,"href":"https:\/\/finanziario.tech\/index.php\/wp-json\/wp\/v2\/pages\/270\/revisions\/4328"}],"wp:attachment":[{"href":"https:\/\/finanziario.tech\/index.php\/wp-json\/wp\/v2\/media?parent=270"}],"curies":[{"name":"wp","href":"https:\/\/api.w.org\/{rel}","templated":true}]}}